{"id":139,"date":"2023-12-29T11:03:06","date_gmt":"2023-12-29T16:03:06","guid":{"rendered":"https:\/\/angulosvisuales.com\/?page_id=139"},"modified":"2023-12-29T11:03:06","modified_gmt":"2023-12-29T16:03:06","slug":"fundacion-universitaria-juan-n-corpas","status":"publish","type":"page","link":"https:\/\/angulosvisuales.com\/index.php\/fundacion-universitaria-juan-n-corpas\/","title":{"rendered":"Fundaci\u00f3n Universitaria Juan N. Corpas"},"content":{"rendered":"\t\t<div data-elementor-type=\"wp-page\" data-elementor-id=\"139\" class=\"elementor elementor-139\" data-elementor-post-type=\"page\">\n\t\t\t\t<div class=\"elementor-element elementor-element-68dc42e e-flex e-con-boxed e-con e-parent\" data-id=\"68dc42e\" data-element_type=\"container\" data-e-type=\"container\">\n\t\t\t\t\t<div class=\"e-con-inner\">\n\t\t<div class=\"elementor-element elementor-element-8df1459 e-con-full e-flex e-con e-child\" data-id=\"8df1459\" data-element_type=\"container\" data-e-type=\"container\">\n\t\t\t\t<div class=\"elementor-element elementor-element-2f503eb elementor-widget elementor-widget-image\" data-id=\"2f503eb\" data-element_type=\"widget\" data-e-type=\"widget\" data-widget_type=\"image.default\">\n\t\t\t\t<div class=\"elementor-widget-container\">\n\t\t\t\t\t\t\t\t\t\t\t\t\t\t\t<img fetchpriority=\"high\" decoding=\"async\" width=\"800\" height=\"373\" src=\"https:\/\/angulosvisuales.com\/wp-content\/uploads\/2023\/12\/web-corpas-1024x478.png\" class=\"attachment-large size-large wp-image-102\" alt=\"\" srcset=\"https:\/\/angulosvisuales.com\/wp-content\/uploads\/2023\/12\/web-corpas-1024x478.png.webp 1024w, https:\/\/angulosvisuales.com\/wp-content\/uploads\/2023\/12\/web-corpas-300x140.png.webp 300w, https:\/\/angulosvisuales.com\/wp-content\/uploads\/2023\/12\/web-corpas-768x358.png.webp 768w, https:\/\/angulosvisuales.com\/wp-content\/uploads\/2023\/12\/web-corpas-1536x716.png.webp 1536w, https:\/\/angulosvisuales.com\/wp-content\/uploads\/2023\/12\/web-corpas-2048x955.png.webp 2048w\" sizes=\"(max-width: 800px) 100vw, 800px\" \/>\t\t\t\t\t\t\t\t\t\t\t\t\t\t\t<\/div>\n\t\t\t\t<\/div>\n\t\t\t\t<\/div>\n\t\t<div class=\"elementor-element elementor-element-382bc7b e-con-full e-flex e-con e-child\" data-id=\"382bc7b\" data-element_type=\"container\" data-e-type=\"container\">\n\t\t\t\t<div class=\"elementor-element elementor-element-d535c29 elementor-widget elementor-widget-heading\" data-id=\"d535c29\" data-element_type=\"widget\" data-e-type=\"widget\" data-widget_type=\"heading.default\">\n\t\t\t\t<div class=\"elementor-widget-container\">\n\t\t\t\t\t<h2 class=\"elementor-heading-title elementor-size-default\">Fundaci\u00f3n Universitaria Juan N. Corpas<\/h2>\t\t\t\t<\/div>\n\t\t\t\t<\/div>\n\t\t\t\t<div class=\"elementor-element elementor-element-8abcca5 elementor-widget elementor-widget-text-editor\" data-id=\"8abcca5\" data-element_type=\"widget\" data-e-type=\"widget\" data-widget_type=\"text-editor.default\">\n\t\t\t\t<div class=\"elementor-widget-container\">\n\t\t\t\t\t\t\t\t\t<p>La Fundaci\u00f3n Universitaria Juan N. Corpas ha decidido llevar a cabo un redise\u00f1o completo de su sitio web con el objetivo de mejorar la experiencia del usuario, la accesibilidad de la informaci\u00f3n y reflejar una imagen moderna y profesional. La universidad ofrece una variedad de programas acad\u00e9micos, servicios estudiantiles y actividades extracurriculares.<\/p>\t\t\t\t\t\t\t\t<\/div>\n\t\t\t\t<\/div>\n\t\t\t\t<\/div>\n\t\t\t\t\t<\/div>\n\t\t\t\t<\/div>\n\t\t<div class=\"elementor-element elementor-element-430caca e-flex e-con-boxed e-con e-parent\" data-id=\"430caca\" data-element_type=\"container\" data-e-type=\"container\" data-settings=\"{&quot;background_background&quot;:&quot;classic&quot;,&quot;shape_divider_top&quot;:&quot;tilt&quot;,&quot;shape_divider_bottom&quot;:&quot;tilt&quot;}\">\n\t\t\t\t\t<div class=\"e-con-inner\">\n\t\t\t\t<div class=\"elementor-shape elementor-shape-top\" aria-hidden=\"true\" data-negative=\"false\">\n\t\t\t<svg xmlns=\"http:\/\/www.w3.org\/2000\/svg\" viewBox=\"0 0 1000 100\" preserveAspectRatio=\"none\">\n\t<path class=\"elementor-shape-fill\" d=\"M0,6V0h1000v100L0,6z\"\/>\n<\/svg>\t\t<\/div>\n\t\t\t\t<div class=\"elementor-shape elementor-shape-bottom\" aria-hidden=\"true\" data-negative=\"false\">\n\t\t\t<svg xmlns=\"http:\/\/www.w3.org\/2000\/svg\" viewBox=\"0 0 1000 100\" preserveAspectRatio=\"none\">\n\t<path class=\"elementor-shape-fill\" d=\"M0,6V0h1000v100L0,6z\"\/>\n<\/svg>\t\t<\/div>\n\t\t<div class=\"elementor-element elementor-element-179585e e-con-full e-flex e-con e-child\" data-id=\"179585e\" data-element_type=\"container\" data-e-type=\"container\">\n\t\t\t\t<div class=\"elementor-element elementor-element-ba6aaf4 elementor-widget elementor-widget-heading\" data-id=\"ba6aaf4\" data-element_type=\"widget\" data-e-type=\"widget\" data-widget_type=\"heading.default\">\n\t\t\t\t<div class=\"elementor-widget-container\">\n\t\t\t\t\t<h3 class=\"elementor-heading-title elementor-size-default\">Mi rol en el proyecto<\/h3>\t\t\t\t<\/div>\n\t\t\t\t<\/div>\n\t\t\t\t<div class=\"elementor-element elementor-element-2ee0e6f elementor-widget elementor-widget-text-editor\" data-id=\"2ee0e6f\" data-element_type=\"widget\" data-e-type=\"widget\" data-widget_type=\"text-editor.default\">\n\t\t\t\t<div class=\"elementor-widget-container\">\n\t\t\t\t\t\t\t\t\t<p>Dise\u00f1ador de experiencia de usuario<\/p><p>Maquetador de interfaces<\/p>\t\t\t\t\t\t\t\t<\/div>\n\t\t\t\t<\/div>\n\t\t\t\t<\/div>\n\t\t<div class=\"elementor-element elementor-element-d771710 e-con-full e-flex e-con e-child\" data-id=\"d771710\" data-element_type=\"container\" data-e-type=\"container\">\n\t\t\t\t<div class=\"elementor-element elementor-element-408f6f3 elementor-widget elementor-widget-heading\" data-id=\"408f6f3\" data-element_type=\"widget\" data-e-type=\"widget\" data-widget_type=\"heading.default\">\n\t\t\t\t<div class=\"elementor-widget-container\">\n\t\t\t\t\t<h3 class=\"elementor-heading-title elementor-size-default\">Mis responsabilidades<\/h3>\t\t\t\t<\/div>\n\t\t\t\t<\/div>\n\t\t\t\t<div class=\"elementor-element elementor-element-23de37d elementor-widget elementor-widget-text-editor\" data-id=\"23de37d\" data-element_type=\"widget\" data-e-type=\"widget\" data-widget_type=\"text-editor.default\">\n\t\t\t\t<div class=\"elementor-widget-container\">\n\t\t\t\t\t\t\t\t\t<p>En este proyecto tuve la oportunidad de apoyar en el dise\u00f1o y desarrollo del sitio web, creaci\u00f3n de wireframes, prototipos y estudios de usabilidad.<\/p>\t\t\t\t\t\t\t\t<\/div>\n\t\t\t\t<\/div>\n\t\t\t\t<\/div>\n\t\t\t\t\t<\/div>\n\t\t\t\t<\/div>\n\t\t<div class=\"elementor-element elementor-element-2a6d071 e-flex e-con-boxed e-con e-parent\" data-id=\"2a6d071\" data-element_type=\"container\" data-e-type=\"container\">\n\t\t\t\t\t<div class=\"e-con-inner\">\n\t\t<div class=\"elementor-element elementor-element-e4471b0 e-con-full e-flex e-con e-child\" data-id=\"e4471b0\" data-element_type=\"container\" data-e-type=\"container\">\n\t\t\t\t<div class=\"elementor-element elementor-element-2866e09 elementor-widget elementor-widget-heading\" data-id=\"2866e09\" data-element_type=\"widget\" data-e-type=\"widget\" data-widget_type=\"heading.default\">\n\t\t\t\t<div class=\"elementor-widget-container\">\n\t\t\t\t\t<h2 class=\"elementor-heading-title elementor-size-default\">Planteamiento del problema<\/h2>\t\t\t\t<\/div>\n\t\t\t\t<\/div>\n\t\t\t\t<div class=\"elementor-element elementor-element-bed2640 elementor-widget elementor-widget-text-editor\" data-id=\"bed2640\" data-element_type=\"widget\" data-e-type=\"widget\" data-widget_type=\"text-editor.default\">\n\t\t\t\t<div class=\"elementor-widget-container\">\n\t\t\t\t\t\t\t\t\t<p>La informaci\u00f3n clave sobre programas acad\u00e9micos, admisiones y servicios estudiantiles no est\u00e1 claramente organizada, dificultando que los visitantes encuentren lo que necesitan.<\/p>\t\t\t\t\t\t\t\t<\/div>\n\t\t\t\t<\/div>\n\t\t\t\t<\/div>\n\t\t<div class=\"elementor-element elementor-element-b015f4f e-con-full e-flex e-con e-child\" data-id=\"b015f4f\" data-element_type=\"container\" data-e-type=\"container\">\n\t\t\t\t<div class=\"elementor-element elementor-element-9a55191 elementor-widget elementor-widget-heading\" data-id=\"9a55191\" data-element_type=\"widget\" data-e-type=\"widget\" data-widget_type=\"heading.default\">\n\t\t\t\t<div class=\"elementor-widget-container\">\n\t\t\t\t\t<h2 class=\"elementor-heading-title elementor-size-default\">Objetivos<\/h2>\t\t\t\t<\/div>\n\t\t\t\t<\/div>\n\t\t\t\t<div class=\"elementor-element elementor-element-8626ff5 elementor-widget elementor-widget-text-editor\" data-id=\"8626ff5\" data-element_type=\"widget\" data-e-type=\"widget\" data-widget_type=\"text-editor.default\">\n\t\t\t\t<div class=\"elementor-widget-container\">\n\t\t\t\t\t\t\t\t\t<ul><li>Mejorar la Experiencia del Usuario (UX)<\/li><li>Crear una arquitectura de informaci\u00f3n clara y jer\u00e1rquica que permita a los usuarios encontrar f\u00e1cilmente lo que buscan, mejorando la usabilidad del sitio.<\/li><li>Cumplir con Est\u00e1ndares de Accesibilidad Web.<\/li><li>Facilitar la Actualizaci\u00f3n de Contenido.<\/li><\/ul>\t\t\t\t\t\t\t\t<\/div>\n\t\t\t\t<\/div>\n\t\t\t\t<\/div>\n\t\t\t\t\t<\/div>\n\t\t\t\t<\/div>\n\t\t<div class=\"elementor-element elementor-element-aeb2421 e-flex e-con-boxed e-con e-parent\" data-id=\"aeb2421\" data-element_type=\"container\" data-e-type=\"container\" data-settings=\"{&quot;background_background&quot;:&quot;classic&quot;,&quot;shape_divider_top&quot;:&quot;tilt&quot;,&quot;shape_divider_bottom&quot;:&quot;tilt&quot;}\">\n\t\t\t\t\t<div class=\"e-con-inner\">\n\t\t\t\t<div class=\"elementor-shape elementor-shape-top\" aria-hidden=\"true\" data-negative=\"false\">\n\t\t\t<svg xmlns=\"http:\/\/www.w3.org\/2000\/svg\" viewBox=\"0 0 1000 100\" preserveAspectRatio=\"none\">\n\t<path class=\"elementor-shape-fill\" d=\"M0,6V0h1000v100L0,6z\"\/>\n<\/svg>\t\t<\/div>\n\t\t\t\t<div class=\"elementor-shape elementor-shape-bottom\" aria-hidden=\"true\" data-negative=\"false\">\n\t\t\t<svg xmlns=\"http:\/\/www.w3.org\/2000\/svg\" viewBox=\"0 0 1000 100\" preserveAspectRatio=\"none\">\n\t<path class=\"elementor-shape-fill\" d=\"M0,6V0h1000v100L0,6z\"\/>\n<\/svg>\t\t<\/div>\n\t\t<div class=\"elementor-element elementor-element-d371859 e-con-full e-flex e-con e-child\" data-id=\"d371859\" data-element_type=\"container\" data-e-type=\"container\">\n\t\t\t\t<div class=\"elementor-element elementor-element-85c8a9f elementor-widget elementor-widget-heading\" data-id=\"85c8a9f\" data-element_type=\"widget\" data-e-type=\"widget\" data-widget_type=\"heading.default\">\n\t\t\t\t<div class=\"elementor-widget-container\">\n\t\t\t\t\t<h3 class=\"elementor-heading-title elementor-size-default\">P\u00fablico objetivo <\/h3>\t\t\t\t<\/div>\n\t\t\t\t<\/div>\n\t\t\t\t<div class=\"elementor-element elementor-element-06018ca elementor-widget elementor-widget-text-editor\" data-id=\"06018ca\" data-element_type=\"widget\" data-e-type=\"widget\" data-widget_type=\"text-editor.default\">\n\t\t\t\t<div class=\"elementor-widget-container\">\n\t\t\t\t\t\t\t\t\t<p>Para este proyecto el publico objetivo era realmente amplio.<\/p><p>Desde los directivos de la instituci\u00f3n, pasando por los estudiantes y aspirantes a cursar una carrera dentro de la misma.<\/p>\t\t\t\t\t\t\t\t<\/div>\n\t\t\t\t<\/div>\n\t\t\t\t<\/div>\n\t\t<div class=\"elementor-element elementor-element-168a632 e-con-full e-flex e-con e-child\" data-id=\"168a632\" data-element_type=\"container\" data-e-type=\"container\">\n\t\t\t\t<div class=\"elementor-element elementor-element-8c369b4 elementor-widget elementor-widget-heading\" data-id=\"8c369b4\" data-element_type=\"widget\" data-e-type=\"widget\" data-widget_type=\"heading.default\">\n\t\t\t\t<div class=\"elementor-widget-container\">\n\t\t\t\t\t<h3 class=\"elementor-heading-title elementor-size-default\">Desaf\u00edos <\/h3>\t\t\t\t<\/div>\n\t\t\t\t<\/div>\n\t\t\t\t<div class=\"elementor-element elementor-element-de039fb elementor-widget elementor-widget-text-editor\" data-id=\"de039fb\" data-element_type=\"widget\" data-e-type=\"widget\" data-widget_type=\"text-editor.default\">\n\t\t\t\t<div class=\"elementor-widget-container\">\n\t\t\t\t\t\t\t\t\t<p>Integra caracter\u00edsticas interactivas que fomenten la participaci\u00f3n de la comunidad estudiantil, como foros, eventos y espacios colaborativos.<\/p>\t\t\t\t\t\t\t\t<\/div>\n\t\t\t\t<\/div>\n\t\t\t\t<\/div>\n\t\t\t\t\t<\/div>\n\t\t\t\t<\/div>\n\t\t<div class=\"elementor-element elementor-element-28c7c97 e-flex e-con-boxed e-con e-parent\" data-id=\"28c7c97\" data-element_type=\"container\" data-e-type=\"container\">\n\t\t\t\t\t<div class=\"e-con-inner\">\n\t\t\t\t<div class=\"elementor-element elementor-element-bb252c9 elementor-widget elementor-widget-heading\" data-id=\"bb252c9\" data-element_type=\"widget\" data-e-type=\"widget\" data-widget_type=\"heading.default\">\n\t\t\t\t<div class=\"elementor-widget-container\">\n\t\t\t\t\t<h2 class=\"elementor-heading-title elementor-size-default\">Prototipos de baja fidelidad<\/h2>\t\t\t\t<\/div>\n\t\t\t\t<\/div>\n\t\t\t\t<div class=\"elementor-element elementor-element-fc04269 elementor-widget elementor-widget-image\" data-id=\"fc04269\" data-element_type=\"widget\" data-e-type=\"widget\" data-widget_type=\"image.default\">\n\t\t\t\t<div class=\"elementor-widget-container\">\n\t\t\t\t\t\t\t\t\t\t\t\t\t\t\t<img decoding=\"async\" width=\"800\" height=\"590\" src=\"https:\/\/angulosvisuales.com\/wp-content\/uploads\/2023\/12\/wireframe-corpas-1024x755.png\" class=\"attachment-large size-large wp-image-121\" alt=\"\" srcset=\"https:\/\/angulosvisuales.com\/wp-content\/uploads\/2023\/12\/wireframe-corpas-1024x755.png.webp 1024w, https:\/\/angulosvisuales.com\/wp-content\/uploads\/2023\/12\/wireframe-corpas-300x221.png.webp 300w, https:\/\/angulosvisuales.com\/wp-content\/uploads\/2023\/12\/wireframe-corpas-768x566.png.webp 768w, https:\/\/angulosvisuales.com\/wp-content\/uploads\/2023\/12\/wireframe-corpas-1536x1133.png.webp 1536w, https:\/\/angulosvisuales.com\/wp-content\/uploads\/2023\/12\/wireframe-corpas.png.webp 1600w\" sizes=\"(max-width: 800px) 100vw, 800px\" \/>\t\t\t\t\t\t\t\t\t\t\t\t\t\t\t<\/div>\n\t\t\t\t<\/div>\n\t\t\t\t\t<\/div>\n\t\t\t\t<\/div>\n\t\t<div class=\"elementor-element elementor-element-6d13a36 e-flex e-con-boxed e-con e-parent\" data-id=\"6d13a36\" data-element_type=\"container\" data-e-type=\"container\">\n\t\t\t\t\t<div class=\"e-con-inner\">\n\t\t\t\t<div class=\"elementor-element elementor-element-a6751e5 elementor-widget elementor-widget-heading\" data-id=\"a6751e5\" data-element_type=\"widget\" data-e-type=\"widget\" data-widget_type=\"heading.default\">\n\t\t\t\t<div class=\"elementor-widget-container\">\n\t\t\t\t\t<h2 class=\"elementor-heading-title elementor-size-default\">Prototipos de alta fidelidad<\/h2>\t\t\t\t<\/div>\n\t\t\t\t<\/div>\n\t\t\t\t<div class=\"elementor-element elementor-element-a44ec6b elementor-widget elementor-widget-gallery\" data-id=\"a44ec6b\" data-element_type=\"widget\" data-e-type=\"widget\" data-settings=\"{&quot;gallery_layout&quot;:&quot;masonry&quot;,&quot;columns&quot;:3,&quot;lazyload&quot;:&quot;yes&quot;,&quot;columns_tablet&quot;:2,&quot;columns_mobile&quot;:1,&quot;gap&quot;:{&quot;unit&quot;:&quot;px&quot;,&quot;size&quot;:10,&quot;sizes&quot;:[]},&quot;gap_tablet&quot;:{&quot;unit&quot;:&quot;px&quot;,&quot;size&quot;:10,&quot;sizes&quot;:[]},&quot;gap_mobile&quot;:{&quot;unit&quot;:&quot;px&quot;,&quot;size&quot;:10,&quot;sizes&quot;:[]},&quot;link_to&quot;:&quot;file&quot;,&quot;overlay_background&quot;:&quot;yes&quot;,&quot;content_hover_animation&quot;:&quot;fade-in&quot;}\" data-widget_type=\"gallery.default\">\n\t\t\t\t<div class=\"elementor-widget-container\">\n\t\t\t\t\t\t\t<div class=\"elementor-gallery__container\">\n\t\t\t\t\t\t\t<a class=\"e-gallery-item elementor-gallery-item elementor-animated-content\" href=\"https:\/\/angulosvisuales.com\/wp-content\/uploads\/2023\/12\/www.juanncorpas.edu_.co_cic_.png\" data-elementor-open-lightbox=\"yes\" data-elementor-lightbox-slideshow=\"a44ec6b\" data-elementor-lightbox-title=\"www.juanncorpas.edu.co_cic_\" data-e-action-hash=\"#elementor-action%3Aaction%3Dlightbox%26settings%3DeyJpZCI6MTI1LCJ1cmwiOiJodHRwczpcL1wvYW5ndWxvc3Zpc3VhbGVzLmNvbVwvd3AtY29udGVudFwvdXBsb2Fkc1wvMjAyM1wvMTJcL3d3dy5qdWFubmNvcnBhcy5lZHVfLmNvX2NpY18ucG5nIiwic2xpZGVzaG93IjoiYTQ0ZWM2YiJ9\">\n\t\t\t\t\t<div class=\"e-gallery-image elementor-gallery-item__image\" data-thumbnail=\"https:\/\/angulosvisuales.com\/wp-content\/uploads\/2023\/12\/www.juanncorpas.edu_.co_cic_.png\" data-width=\"3200\" data-height=\"6610\" aria-label=\"\" role=\"img\" ><\/div>\n\t\t\t\t\t\t\t\t\t\t\t<div class=\"elementor-gallery-item__overlay\"><\/div>\n\t\t\t\t\t\t\t\t\t\t\t\t\t\t<\/a>\n\t\t\t\t\t\t\t<a class=\"e-gallery-item elementor-gallery-item elementor-animated-content\" href=\"https:\/\/angulosvisuales.com\/wp-content\/uploads\/2023\/12\/www.juanncorpas.edu_.co_corpas-global_iniciativas-globales_.png\" data-elementor-open-lightbox=\"yes\" data-elementor-lightbox-slideshow=\"a44ec6b\" data-elementor-lightbox-title=\"www.juanncorpas.edu.co_corpas-global_iniciativas-globales_\" data-e-action-hash=\"#elementor-action%3Aaction%3Dlightbox%26settings%3DeyJpZCI6MTI2LCJ1cmwiOiJodHRwczpcL1wvYW5ndWxvc3Zpc3VhbGVzLmNvbVwvd3AtY29udGVudFwvdXBsb2Fkc1wvMjAyM1wvMTJcL3d3dy5qdWFubmNvcnBhcy5lZHVfLmNvX2NvcnBhcy1nbG9iYWxfaW5pY2lhdGl2YXMtZ2xvYmFsZXNfLnBuZyIsInNsaWRlc2hvdyI6ImE0NGVjNmIifQ%3D%3D\">\n\t\t\t\t\t<div class=\"e-gallery-image elementor-gallery-item__image\" data-thumbnail=\"https:\/\/angulosvisuales.com\/wp-content\/uploads\/2023\/12\/www.juanncorpas.edu_.co_corpas-global_iniciativas-globales_.png\" data-width=\"3200\" data-height=\"5758\" aria-label=\"\" role=\"img\" ><\/div>\n\t\t\t\t\t\t\t\t\t\t\t<div class=\"elementor-gallery-item__overlay\"><\/div>\n\t\t\t\t\t\t\t\t\t\t\t\t\t\t<\/a>\n\t\t\t\t\t\t\t<a class=\"e-gallery-item elementor-gallery-item elementor-animated-content\" href=\"https:\/\/angulosvisuales.com\/wp-content\/uploads\/2023\/12\/www.juanncorpas.edu_.co_pregrados-fundacion-universitaria-juan-n-corpas_medicina_.png\" data-elementor-open-lightbox=\"yes\" data-elementor-lightbox-slideshow=\"a44ec6b\" data-elementor-lightbox-title=\"www.juanncorpas.edu.co_pregrados-fundacion-universitaria-juan-n-corpas_medicina_\" data-e-action-hash=\"#elementor-action%3Aaction%3Dlightbox%26settings%3DeyJpZCI6MTI3LCJ1cmwiOiJodHRwczpcL1wvYW5ndWxvc3Zpc3VhbGVzLmNvbVwvd3AtY29udGVudFwvdXBsb2Fkc1wvMjAyM1wvMTJcL3d3dy5qdWFubmNvcnBhcy5lZHVfLmNvX3ByZWdyYWRvcy1mdW5kYWNpb24tdW5pdmVyc2l0YXJpYS1qdWFuLW4tY29ycGFzX21lZGljaW5hXy5wbmciLCJzbGlkZXNob3ciOiJhNDRlYzZiIn0%3D\">\n\t\t\t\t\t<div class=\"e-gallery-image elementor-gallery-item__image\" data-thumbnail=\"https:\/\/angulosvisuales.com\/wp-content\/uploads\/2023\/12\/www.juanncorpas.edu_.co_pregrados-fundacion-universitaria-juan-n-corpas_medicina_.png\" data-width=\"3200\" data-height=\"7868\" aria-label=\"\" role=\"img\" ><\/div>\n\t\t\t\t\t\t\t\t\t\t\t<div class=\"elementor-gallery-item__overlay\"><\/div>\n\t\t\t\t\t\t\t\t\t\t\t\t\t\t<\/a>\n\t\t\t\t\t\t\t<a class=\"e-gallery-item elementor-gallery-item elementor-animated-content\" href=\"https:\/\/angulosvisuales.com\/wp-content\/uploads\/2023\/12\/www.juanncorpas.edu_.co_.png\" data-elementor-open-lightbox=\"yes\" data-elementor-lightbox-slideshow=\"a44ec6b\" data-elementor-lightbox-title=\"www.juanncorpas.edu.co_\" data-e-action-hash=\"#elementor-action%3Aaction%3Dlightbox%26settings%3DeyJpZCI6MTI4LCJ1cmwiOiJodHRwczpcL1wvYW5ndWxvc3Zpc3VhbGVzLmNvbVwvd3AtY29udGVudFwvdXBsb2Fkc1wvMjAyM1wvMTJcL3d3dy5qdWFubmNvcnBhcy5lZHVfLmNvXy5wbmciLCJzbGlkZXNob3ciOiJhNDRlYzZiIn0%3D\">\n\t\t\t\t\t<div class=\"e-gallery-image elementor-gallery-item__image\" data-thumbnail=\"https:\/\/angulosvisuales.com\/wp-content\/uploads\/2023\/12\/www.juanncorpas.edu_.co_.png\" data-width=\"3200\" data-height=\"11756\" aria-label=\"\" role=\"img\" ><\/div>\n\t\t\t\t\t\t\t\t\t\t\t<div class=\"elementor-gallery-item__overlay\"><\/div>\n\t\t\t\t\t\t\t\t\t\t\t\t\t\t<\/a>\n\t\t\t\t\t\t\t<a class=\"e-gallery-item elementor-gallery-item elementor-animated-content\" href=\"https:\/\/angulosvisuales.com\/wp-content\/uploads\/2023\/12\/www.juanncorpas.edu_.co_sentido-social_.png\" data-elementor-open-lightbox=\"yes\" data-elementor-lightbox-slideshow=\"a44ec6b\" data-elementor-lightbox-title=\"www.juanncorpas.edu.co_sentido-social_\" data-e-action-hash=\"#elementor-action%3Aaction%3Dlightbox%26settings%3DeyJpZCI6MTI5LCJ1cmwiOiJodHRwczpcL1wvYW5ndWxvc3Zpc3VhbGVzLmNvbVwvd3AtY29udGVudFwvdXBsb2Fkc1wvMjAyM1wvMTJcL3d3dy5qdWFubmNvcnBhcy5lZHVfLmNvX3NlbnRpZG8tc29jaWFsXy5wbmciLCJzbGlkZXNob3ciOiJhNDRlYzZiIn0%3D\">\n\t\t\t\t\t<div class=\"e-gallery-image elementor-gallery-item__image\" data-thumbnail=\"https:\/\/angulosvisuales.com\/wp-content\/uploads\/2023\/12\/www.juanncorpas.edu_.co_sentido-social_.png\" data-width=\"3200\" data-height=\"8780\" aria-label=\"\" role=\"img\" ><\/div>\n\t\t\t\t\t\t\t\t\t\t\t<div class=\"elementor-gallery-item__overlay\"><\/div>\n\t\t\t\t\t\t\t\t\t\t\t\t\t\t<\/a>\n\t\t\t\t\t<\/div>\n\t\t\t\t\t<\/div>\n\t\t\t\t<\/div>\n\t\t\t\t\t<\/div>\n\t\t\t\t<\/div>\n\t\t<div class=\"elementor-element elementor-element-6347cf3 e-flex e-con-boxed e-con e-parent\" data-id=\"6347cf3\" data-element_type=\"container\" data-e-type=\"container\">\n\t\t\t\t\t<div class=\"e-con-inner\">\n\t\t\t\t<div class=\"elementor-element elementor-element-f74a9eb elementor-widget elementor-widget-heading\" data-id=\"f74a9eb\" data-element_type=\"widget\" data-e-type=\"widget\" data-widget_type=\"heading.default\">\n\t\t\t\t<div class=\"elementor-widget-container\">\n\t\t\t\t\t<h2 class=\"elementor-heading-title elementor-size-default\">Conclusiones y pr\u00f3ximos pasos<\/h2>\t\t\t\t<\/div>\n\t\t\t\t<\/div>\n\t\t\t\t<div class=\"elementor-element elementor-element-6e68108 elementor-widget elementor-widget-text-editor\" data-id=\"6e68108\" data-element_type=\"widget\" data-e-type=\"widget\" data-widget_type=\"text-editor.default\">\n\t\t\t\t<div class=\"elementor-widget-container\">\n\t\t\t\t\t\t\t\t\t<p><strong>Mejora Sostenida de la Experiencia del Usuario:<\/strong><\/p><p>A trav\u00e9s de la implementaci\u00f3n de una arquitectura de informaci\u00f3n m\u00e1s clara y de un dise\u00f1o centrado en el usuario, se observ\u00f3 una mejora significativa en la experiencia del usuario. Los usuarios ahora pueden acceder f\u00e1cilmente a informaci\u00f3n relevante sobre programas acad\u00e9micos, admisiones y servicios estudiantiles, lo que ha llevado a un aumento en la satisfacci\u00f3n y retenci\u00f3n de visitantes en el sitio.<\/p><p><br \/><strong>Incremento en la Participaci\u00f3n de la Comunidad Estudiantil:<\/strong><\/p><p>La integraci\u00f3n de caracter\u00edsticas interactivas, como foros, eventos y espacios colaborativos, ha generado una mayor participaci\u00f3n y conexi\u00f3n entre los estudiantes. Se observ\u00f3 un aumento en la interacci\u00f3n en l\u00ednea, reflejando una comunidad m\u00e1s activa y comprometida. Este aspecto no solo ha mejorado la experiencia estudiantil, sino que tambi\u00e9n ha contribuido a fortalecer la identidad de la universidad.<\/p>\t\t\t\t\t\t\t\t<\/div>\n\t\t\t\t<\/div>\n\t\t\t\t\t<\/div>\n\t\t\t\t<\/div>\n\t\t<div class=\"elementor-element elementor-element-9b52d3e e-flex e-con-boxed e-con e-parent\" data-id=\"9b52d3e\" data-element_type=\"container\" data-e-type=\"container\">\n\t\t\t\t\t<div class=\"e-con-inner\">\n\t\t\t\t<div class=\"elementor-element elementor-element-9954713 elementor-widget elementor-widget-heading\" data-id=\"9954713\" data-element_type=\"widget\" data-e-type=\"widget\" data-widget_type=\"heading.default\">\n\t\t\t\t<div class=\"elementor-widget-container\">\n\t\t\t\t\t<h2 class=\"elementor-heading-title elementor-size-default\">\u00a1Gracias por ver este proyecto!<\/h2>\t\t\t\t<\/div>\n\t\t\t\t<\/div>\n\t\t\t\t\t<\/div>\n\t\t\t\t<\/div>\n\t\t\t\t<\/div>\n\t\t","protected":false},"excerpt":{"rendered":"<p>Fundaci\u00f3n Universitaria Juan N. Corpas La Fundaci\u00f3n Universitaria Juan N. Corpas ha decidido llevar a cabo un redise\u00f1o completo de su sitio web con el objetivo de mejorar la experiencia del usuario, la accesibilidad de la informaci\u00f3n y reflejar una imagen moderna y profesional. La universidad ofrece una variedad de programas acad\u00e9micos, servicios estudiantiles y [&hellip;]<\/p>\n","protected":false},"author":1,"featured_media":0,"parent":0,"menu_order":0,"comment_status":"closed","ping_status":"closed","template":"","meta":{"footnotes":""},"class_list":["post-139","page","type-page","status-publish","hentry"],"_links":{"self":[{"href":"https:\/\/angulosvisuales.com\/index.php\/wp-json\/wp\/v2\/pages\/139","targetHints":{"allow":["GET"]}}],"collection":[{"href":"https:\/\/angulosvisuales.com\/index.php\/wp-json\/wp\/v2\/pages"}],"about":[{"href":"https:\/\/angulosvisuales.com\/index.php\/wp-json\/wp\/v2\/types\/page"}],"author":[{"embeddable":true,"href":"https:\/\/angulosvisuales.com\/index.php\/wp-json\/wp\/v2\/users\/1"}],"replies":[{"embeddable":true,"href":"https:\/\/angulosvisuales.com\/index.php\/wp-json\/wp\/v2\/comments?post=139"}],"version-history":[{"count":0,"href":"https:\/\/angulosvisuales.com\/index.php\/wp-json\/wp\/v2\/pages\/139\/revisions"}],"wp:attachment":[{"href":"https:\/\/angulosvisuales.com\/index.php\/wp-json\/wp\/v2\/media?parent=139"}],"curies":[{"name":"wp","href":"https:\/\/api.w.org\/{rel}","templated":true}]}}