{"id":189,"date":"2023-12-29T11:40:49","date_gmt":"2023-12-29T16:40:49","guid":{"rendered":"https:\/\/angulosvisuales.com\/?page_id=189"},"modified":"2023-12-29T12:32:25","modified_gmt":"2023-12-29T17:32:25","slug":"cineapp","status":"publish","type":"page","link":"https:\/\/angulosvisuales.com\/index.php\/cineapp\/","title":{"rendered":"CineApp"},"content":{"rendered":"\t\t<div data-elementor-type=\"wp-page\" data-elementor-id=\"189\" class=\"elementor elementor-189\" data-elementor-post-type=\"page\">\n\t\t\t\t<div class=\"elementor-element elementor-element-68dc42e e-flex e-con-boxed e-con e-parent\" data-id=\"68dc42e\" data-element_type=\"container\" data-e-type=\"container\">\n\t\t\t\t\t<div class=\"e-con-inner\">\n\t\t<div class=\"elementor-element elementor-element-8df1459 e-con-full e-flex e-con e-child\" data-id=\"8df1459\" data-element_type=\"container\" data-e-type=\"container\">\n\t\t\t\t<div class=\"elementor-element elementor-element-2f503eb elementor-widget elementor-widget-image\" data-id=\"2f503eb\" data-element_type=\"widget\" data-e-type=\"widget\" data-widget_type=\"image.default\">\n\t\t\t\t<div class=\"elementor-widget-container\">\n\t\t\t\t\t\t\t\t\t\t\t\t\t\t\t<img fetchpriority=\"high\" decoding=\"async\" width=\"800\" height=\"529\" src=\"https:\/\/angulosvisuales.com\/wp-content\/uploads\/2023\/12\/cinemapp-2-1024x677.png\" class=\"attachment-large size-large wp-image-224\" alt=\"\" srcset=\"https:\/\/angulosvisuales.com\/wp-content\/uploads\/2023\/12\/cinemapp-2-1024x677.png 1024w, https:\/\/angulosvisuales.com\/wp-content\/uploads\/2023\/12\/cinemapp-2-300x198.png 300w, https:\/\/angulosvisuales.com\/wp-content\/uploads\/2023\/12\/cinemapp-2-768x508.png 768w, https:\/\/angulosvisuales.com\/wp-content\/uploads\/2023\/12\/cinemapp-2-1536x1015.png 1536w, https:\/\/angulosvisuales.com\/wp-content\/uploads\/2023\/12\/cinemapp-2-2048x1353.png 2048w\" sizes=\"(max-width: 800px) 100vw, 800px\" \/>\t\t\t\t\t\t\t\t\t\t\t\t\t\t\t<\/div>\n\t\t\t\t<\/div>\n\t\t\t\t<\/div>\n\t\t<div class=\"elementor-element elementor-element-382bc7b e-con-full e-flex e-con e-child\" data-id=\"382bc7b\" data-element_type=\"container\" data-e-type=\"container\">\n\t\t\t\t<div class=\"elementor-element elementor-element-d535c29 elementor-widget elementor-widget-heading\" data-id=\"d535c29\" data-element_type=\"widget\" data-e-type=\"widget\" data-widget_type=\"heading.default\">\n\t\t\t\t<div class=\"elementor-widget-container\">\n\t\t\t\t\t<h2 class=\"elementor-heading-title elementor-size-default\">CinemApp<\/h2>\t\t\t\t<\/div>\n\t\t\t\t<\/div>\n\t\t\t\t<div class=\"elementor-element elementor-element-8abcca5 elementor-widget elementor-widget-text-editor\" data-id=\"8abcca5\" data-element_type=\"widget\" data-e-type=\"widget\" data-widget_type=\"text-editor.default\">\n\t\t\t\t<div class=\"elementor-widget-container\">\n\t\t\t\t\t\t\t\t\t<p>&#8220;CineApp&#8221; es una aplicaci\u00f3n m\u00f3vil que tiene como objetivo facilitar la experiencia de compra y generaci\u00f3n de entradas para el cine. La aplicaci\u00f3n busca proporcionar a los usuarios una plataforma intuitiva y conveniente para explorar pel\u00edculas, horarios, y comprar boletos de manera eficiente.<\/p>\t\t\t\t\t\t\t\t<\/div>\n\t\t\t\t<\/div>\n\t\t\t\t<\/div>\n\t\t\t\t\t<\/div>\n\t\t\t\t<\/div>\n\t\t<div class=\"elementor-element elementor-element-430caca e-flex e-con-boxed e-con e-parent\" data-id=\"430caca\" data-element_type=\"container\" data-e-type=\"container\" data-settings=\"{&quot;background_background&quot;:&quot;classic&quot;,&quot;shape_divider_top&quot;:&quot;tilt&quot;,&quot;shape_divider_bottom&quot;:&quot;tilt&quot;}\">\n\t\t\t\t\t<div class=\"e-con-inner\">\n\t\t\t\t<div class=\"elementor-shape elementor-shape-top\" aria-hidden=\"true\" data-negative=\"false\">\n\t\t\t<svg xmlns=\"http:\/\/www.w3.org\/2000\/svg\" viewBox=\"0 0 1000 100\" preserveAspectRatio=\"none\">\n\t<path class=\"elementor-shape-fill\" d=\"M0,6V0h1000v100L0,6z\"\/>\n<\/svg>\t\t<\/div>\n\t\t\t\t<div class=\"elementor-shape elementor-shape-bottom\" aria-hidden=\"true\" data-negative=\"false\">\n\t\t\t<svg xmlns=\"http:\/\/www.w3.org\/2000\/svg\" viewBox=\"0 0 1000 100\" preserveAspectRatio=\"none\">\n\t<path class=\"elementor-shape-fill\" d=\"M0,6V0h1000v100L0,6z\"\/>\n<\/svg>\t\t<\/div>\n\t\t<div class=\"elementor-element elementor-element-179585e e-con-full e-flex e-con e-child\" data-id=\"179585e\" data-element_type=\"container\" data-e-type=\"container\">\n\t\t\t\t<div class=\"elementor-element elementor-element-ba6aaf4 elementor-widget elementor-widget-heading\" data-id=\"ba6aaf4\" data-element_type=\"widget\" data-e-type=\"widget\" data-widget_type=\"heading.default\">\n\t\t\t\t<div class=\"elementor-widget-container\">\n\t\t\t\t\t<h3 class=\"elementor-heading-title elementor-size-default\">Mi rol en el proyecto<\/h3>\t\t\t\t<\/div>\n\t\t\t\t<\/div>\n\t\t\t\t<div class=\"elementor-element elementor-element-2ee0e6f elementor-widget elementor-widget-text-editor\" data-id=\"2ee0e6f\" data-element_type=\"widget\" data-e-type=\"widget\" data-widget_type=\"text-editor.default\">\n\t\t\t\t<div class=\"elementor-widget-container\">\n\t\t\t\t\t\t\t\t\t<p>Dise\u00f1ador de experiencia de usuario<\/p><p>Maquetador de interfaces<\/p>\t\t\t\t\t\t\t\t<\/div>\n\t\t\t\t<\/div>\n\t\t\t\t<\/div>\n\t\t<div class=\"elementor-element elementor-element-d771710 e-con-full e-flex e-con e-child\" data-id=\"d771710\" data-element_type=\"container\" data-e-type=\"container\">\n\t\t\t\t<div class=\"elementor-element elementor-element-408f6f3 elementor-widget elementor-widget-heading\" data-id=\"408f6f3\" data-element_type=\"widget\" data-e-type=\"widget\" data-widget_type=\"heading.default\">\n\t\t\t\t<div class=\"elementor-widget-container\">\n\t\t\t\t\t<h3 class=\"elementor-heading-title elementor-size-default\">Mis responsabilidades<\/h3>\t\t\t\t<\/div>\n\t\t\t\t<\/div>\n\t\t\t\t<div class=\"elementor-element elementor-element-23de37d elementor-widget elementor-widget-text-editor\" data-id=\"23de37d\" data-element_type=\"widget\" data-e-type=\"widget\" data-widget_type=\"text-editor.default\">\n\t\t\t\t<div class=\"elementor-widget-container\">\n\t\t\t\t\t\t\t\t\t<p>En este proyecto tuve la oportunidad de apoyar en el dise\u00f1o y desarrollo del sitio web, creaci\u00f3n de wireframes, prototipos y estudios de usabilidad.<\/p>\t\t\t\t\t\t\t\t<\/div>\n\t\t\t\t<\/div>\n\t\t\t\t<\/div>\n\t\t\t\t\t<\/div>\n\t\t\t\t<\/div>\n\t\t<div class=\"elementor-element elementor-element-2a6d071 e-flex e-con-boxed e-con e-parent\" data-id=\"2a6d071\" data-element_type=\"container\" data-e-type=\"container\">\n\t\t\t\t\t<div class=\"e-con-inner\">\n\t\t<div class=\"elementor-element elementor-element-e4471b0 e-con-full e-flex e-con e-child\" data-id=\"e4471b0\" data-element_type=\"container\" data-e-type=\"container\">\n\t\t\t\t<div class=\"elementor-element elementor-element-2866e09 elementor-widget elementor-widget-heading\" data-id=\"2866e09\" data-element_type=\"widget\" data-e-type=\"widget\" data-widget_type=\"heading.default\">\n\t\t\t\t<div class=\"elementor-widget-container\">\n\t\t\t\t\t<h2 class=\"elementor-heading-title elementor-size-default\">Planteamiento del problema<\/h2>\t\t\t\t<\/div>\n\t\t\t\t<\/div>\n\t\t\t\t<div class=\"elementor-element elementor-element-bed2640 elementor-widget elementor-widget-text-editor\" data-id=\"bed2640\" data-element_type=\"widget\" data-e-type=\"widget\" data-widget_type=\"text-editor.default\">\n\t\t\t\t<div class=\"elementor-widget-container\">\n\t\t\t\t\t\t\t\t\t<p>La experiencia de compra de boletos para el cine ha experimentado desaf\u00edos significativos en la actualidad, marcados por la falta de aplicaciones m\u00f3viles que ofrezcan una interfaz intuitiva, informaci\u00f3n clara sobre pel\u00edculas y horarios, as\u00ed como un proceso de compra eficiente y seguro. Estos desaf\u00edos han llevado a la necesidad de desarrollar una aplicaci\u00f3n como &#8220;CineApp&#8221; para abordar las siguientes problem\u00e1ticas:<\/p><ul><li>Navegaci\u00f3n Compleja en Aplicaciones Existentes<\/li><li>Falta de Informaci\u00f3n Clara sobre Pel\u00edculas y Horarios<\/li><li>Proceso de Compra Inseguro y Poco Eficiente<\/li><\/ul>\t\t\t\t\t\t\t\t<\/div>\n\t\t\t\t<\/div>\n\t\t\t\t<\/div>\n\t\t<div class=\"elementor-element elementor-element-b015f4f e-con-full e-flex e-con e-child\" data-id=\"b015f4f\" data-element_type=\"container\" data-e-type=\"container\">\n\t\t\t\t<div class=\"elementor-element elementor-element-9a55191 elementor-widget elementor-widget-heading\" data-id=\"9a55191\" data-element_type=\"widget\" data-e-type=\"widget\" data-widget_type=\"heading.default\">\n\t\t\t\t<div class=\"elementor-widget-container\">\n\t\t\t\t\t<h2 class=\"elementor-heading-title elementor-size-default\">Objetivos<\/h2>\t\t\t\t<\/div>\n\t\t\t\t<\/div>\n\t\t\t\t<div class=\"elementor-element elementor-element-8626ff5 elementor-widget elementor-widget-text-editor\" data-id=\"8626ff5\" data-element_type=\"widget\" data-e-type=\"widget\" data-widget_type=\"text-editor.default\">\n\t\t\t\t<div class=\"elementor-widget-container\">\n\t\t\t\t\t\t\t\t\t<ul><li>Optimizar la Experiencia del Usuario (UX)<\/li><li>Facilitar la Toma de Decisiones<\/li><li>Asegurar un Proceso de Pago Seguro y Sencillo<\/li><li>Agregar Valor con Funciones Adicionales<\/li><\/ul>\t\t\t\t\t\t\t\t<\/div>\n\t\t\t\t<\/div>\n\t\t\t\t<\/div>\n\t\t\t\t\t<\/div>\n\t\t\t\t<\/div>\n\t\t<div class=\"elementor-element elementor-element-aeb2421 e-flex e-con-boxed e-con e-parent\" data-id=\"aeb2421\" data-element_type=\"container\" data-e-type=\"container\" data-settings=\"{&quot;background_background&quot;:&quot;classic&quot;,&quot;shape_divider_top&quot;:&quot;tilt&quot;,&quot;shape_divider_bottom&quot;:&quot;tilt&quot;}\">\n\t\t\t\t\t<div class=\"e-con-inner\">\n\t\t\t\t<div class=\"elementor-shape elementor-shape-top\" aria-hidden=\"true\" data-negative=\"false\">\n\t\t\t<svg xmlns=\"http:\/\/www.w3.org\/2000\/svg\" viewBox=\"0 0 1000 100\" preserveAspectRatio=\"none\">\n\t<path class=\"elementor-shape-fill\" d=\"M0,6V0h1000v100L0,6z\"\/>\n<\/svg>\t\t<\/div>\n\t\t\t\t<div class=\"elementor-shape elementor-shape-bottom\" aria-hidden=\"true\" data-negative=\"false\">\n\t\t\t<svg xmlns=\"http:\/\/www.w3.org\/2000\/svg\" viewBox=\"0 0 1000 100\" preserveAspectRatio=\"none\">\n\t<path class=\"elementor-shape-fill\" d=\"M0,6V0h1000v100L0,6z\"\/>\n<\/svg>\t\t<\/div>\n\t\t<div class=\"elementor-element elementor-element-d371859 e-con-full e-flex e-con e-child\" data-id=\"d371859\" data-element_type=\"container\" data-e-type=\"container\">\n\t\t\t\t<div class=\"elementor-element elementor-element-85c8a9f elementor-widget elementor-widget-heading\" data-id=\"85c8a9f\" data-element_type=\"widget\" data-e-type=\"widget\" data-widget_type=\"heading.default\">\n\t\t\t\t<div class=\"elementor-widget-container\">\n\t\t\t\t\t<h3 class=\"elementor-heading-title elementor-size-default\">P\u00fablico objetivo <\/h3>\t\t\t\t<\/div>\n\t\t\t\t<\/div>\n\t\t\t\t<div class=\"elementor-element elementor-element-06018ca elementor-widget elementor-widget-text-editor\" data-id=\"06018ca\" data-element_type=\"widget\" data-e-type=\"widget\" data-widget_type=\"text-editor.default\">\n\t\t\t\t<div class=\"elementor-widget-container\">\n\t\t\t\t\t\t\t\t\t<ul><li>Aficionados al Cine<\/li><li>Usuarios Ocasionales<\/li><li>Padres y Familias<\/li><li>J\u00f3venes Adultos y Adolescentes<\/li><li>Profesionales Ocupados<\/li><li>Personas Interesadas en Funciones Adicionales:<\/li><\/ul>\t\t\t\t\t\t\t\t<\/div>\n\t\t\t\t<\/div>\n\t\t\t\t<\/div>\n\t\t<div class=\"elementor-element elementor-element-168a632 e-con-full e-flex e-con e-child\" data-id=\"168a632\" data-element_type=\"container\" data-e-type=\"container\">\n\t\t\t\t<div class=\"elementor-element elementor-element-8c369b4 elementor-widget elementor-widget-heading\" data-id=\"8c369b4\" data-element_type=\"widget\" data-e-type=\"widget\" data-widget_type=\"heading.default\">\n\t\t\t\t<div class=\"elementor-widget-container\">\n\t\t\t\t\t<h3 class=\"elementor-heading-title elementor-size-default\">Desaf\u00edos <\/h3>\t\t\t\t<\/div>\n\t\t\t\t<\/div>\n\t\t\t\t<div class=\"elementor-element elementor-element-de039fb elementor-widget elementor-widget-text-editor\" data-id=\"de039fb\" data-element_type=\"widget\" data-e-type=\"widget\" data-widget_type=\"text-editor.default\">\n\t\t\t\t<div class=\"elementor-widget-container\">\n\t\t\t\t\t\t\t\t\t<ul><li>La falta de una interfaz intuitiva en las aplicaciones existentes dificulta la navegaci\u00f3n y la compra de boletos.<\/li><li>Los usuarios a menudo desean informaci\u00f3n clara sobre las pel\u00edculas, horarios y disponibilidad de asientos antes de realizar la compra.<\/li><\/ul>\t\t\t\t\t\t\t\t<\/div>\n\t\t\t\t<\/div>\n\t\t\t\t<\/div>\n\t\t\t\t\t<\/div>\n\t\t\t\t<\/div>\n\t\t<div class=\"elementor-element elementor-element-264ccc2 e-flex e-con-boxed e-con e-parent\" data-id=\"264ccc2\" data-element_type=\"container\" data-e-type=\"container\">\n\t\t\t\t\t<div class=\"e-con-inner\">\n\t\t\t\t<div class=\"elementor-element elementor-element-c2d3173 elementor-widget elementor-widget-heading\" data-id=\"c2d3173\" data-element_type=\"widget\" data-e-type=\"widget\" data-widget_type=\"heading.default\">\n\t\t\t\t<div class=\"elementor-widget-container\">\n\t\t\t\t\t<h2 class=\"elementor-heading-title elementor-size-default\">Prototipos de baja fidelidad<\/h2>\t\t\t\t<\/div>\n\t\t\t\t<\/div>\n\t\t<div class=\"elementor-element elementor-element-7264c32 e-flex e-con-boxed e-con e-child\" data-id=\"7264c32\" data-element_type=\"container\" data-e-type=\"container\">\n\t\t\t\t\t<div class=\"e-con-inner\">\n\t\t<div class=\"elementor-element elementor-element-2cf93f3 e-con-full e-flex e-con e-child\" data-id=\"2cf93f3\" data-element_type=\"container\" data-e-type=\"container\">\n\t\t\t\t<div class=\"elementor-element elementor-element-e8a9314 elementor-widget elementor-widget-html\" data-id=\"e8a9314\" data-element_type=\"widget\" data-e-type=\"widget\" data-widget_type=\"html.default\">\n\t\t\t\t<div class=\"elementor-widget-container\">\n\t\t\t\t\t<iframe style=\"border: 1px solid rgba(0, 0, 0, 0.1);\" width=\"800\" height=\"450\" src=\"https:\/\/www.figma.com\/embed?embed_host=share&url=https%3A%2F%2Fwww.figma.com%2Ffile%2FM6ArC4uZOoNchtUBmYnf9y%2FCine-App%3Ftype%3Ddesign%26node-id%3D1%253A234%26mode%3Ddesign%26t%3Dn68hZmsFHeS5UCoK-1\" allowfullscreen><\/iframe>\t\t\t\t<\/div>\n\t\t\t\t<\/div>\n\t\t\t\t<\/div>\n\t\t\t\t<div class=\"elementor-element elementor-element-88d495c elementor-align-center elementor-widget elementor-widget-button\" data-id=\"88d495c\" data-element_type=\"widget\" data-e-type=\"widget\" data-widget_type=\"button.default\">\n\t\t\t\t<div class=\"elementor-widget-container\">\n\t\t\t\t\t\t\t\t\t<div class=\"elementor-button-wrapper\">\n\t\t\t\t\t<a class=\"elementor-button elementor-button-link elementor-size-sm\" href=\"https:\/\/www.figma.com\/file\/M6ArC4uZOoNchtUBmYnf9y\/Cine-App?type=design&#038;node-id=1%3A234&#038;mode=design&#038;t=n68hZmsFHeS5UCoK-1\" target=\"_blank\">\n\t\t\t\t\t\t<span class=\"elementor-button-content-wrapper\">\n\t\t\t\t\t\t\t\t\t<span class=\"elementor-button-text\">Puedes ver los prototipos completos aqu\u00ed<\/span>\n\t\t\t\t\t<\/span>\n\t\t\t\t\t<\/a>\n\t\t\t\t<\/div>\n\t\t\t\t\t\t\t\t<\/div>\n\t\t\t\t<\/div>\n\t\t\t\t\t<\/div>\n\t\t\t\t<\/div>\n\t\t<div class=\"elementor-element elementor-element-9f2ce78 e-flex e-con-boxed e-con e-child\" data-id=\"9f2ce78\" data-element_type=\"container\" data-e-type=\"container\">\n\t\t\t\t\t<div class=\"e-con-inner\">\n\t\t\t\t<div class=\"elementor-element elementor-element-57db363 elementor-widget elementor-widget-heading\" data-id=\"57db363\" data-element_type=\"widget\" data-e-type=\"widget\" data-widget_type=\"heading.default\">\n\t\t\t\t<div class=\"elementor-widget-container\">\n\t\t\t\t\t<h2 class=\"elementor-heading-title elementor-size-default\">Prototipos de alta fidelidad<\/h2>\t\t\t\t<\/div>\n\t\t\t\t<\/div>\n\t\t<div class=\"elementor-element elementor-element-4dec4f0 e-flex e-con-boxed e-con e-child\" data-id=\"4dec4f0\" data-element_type=\"container\" data-e-type=\"container\">\n\t\t\t\t\t<div class=\"e-con-inner\">\n\t\t<div class=\"elementor-element elementor-element-1b9f120 e-con-full e-flex e-con e-child\" data-id=\"1b9f120\" data-element_type=\"container\" data-e-type=\"container\">\n\t\t\t\t<div class=\"elementor-element elementor-element-ce96557 elementor-widget elementor-widget-html\" data-id=\"ce96557\" data-element_type=\"widget\" data-e-type=\"widget\" data-widget_type=\"html.default\">\n\t\t\t\t<div class=\"elementor-widget-container\">\n\t\t\t\t\t<iframe style=\"border: 1px solid rgba(0, 0, 0, 0.1);\" width=\"800\" height=\"450\" src=\"https:\/\/www.figma.com\/embed?embed_host=share&url=https%3A%2F%2Fwww.figma.com%2Ffile%2FnG1k4ob4dh9P0WwCEqlvgG%2FCineApp%3Ftype%3Ddesign%26node-id%3D0%253A1%26mode%3Ddesign%26t%3DLz1HqScLkykMt9vt-1\" allowfullscreen><\/iframe>\t\t\t\t<\/div>\n\t\t\t\t<\/div>\n\t\t\t\t<\/div>\n\t\t\t\t<div class=\"elementor-element elementor-element-03f504a elementor-align-center elementor-widget elementor-widget-button\" data-id=\"03f504a\" data-element_type=\"widget\" data-e-type=\"widget\" data-widget_type=\"button.default\">\n\t\t\t\t<div class=\"elementor-widget-container\">\n\t\t\t\t\t\t\t\t\t<div class=\"elementor-button-wrapper\">\n\t\t\t\t\t<a class=\"elementor-button elementor-button-link elementor-size-sm\" href=\"https:\/\/www.figma.com\/file\/nG1k4ob4dh9P0WwCEqlvgG\/CineApp?type=design&#038;node-id=0%3A1&#038;mode=design&#038;t=Lz1HqScLkykMt9vt-1\" target=\"_blank\">\n\t\t\t\t\t\t<span class=\"elementor-button-content-wrapper\">\n\t\t\t\t\t\t\t\t\t<span class=\"elementor-button-text\">Puedes ver los prototipos completos aqu\u00ed<\/span>\n\t\t\t\t\t<\/span>\n\t\t\t\t\t<\/a>\n\t\t\t\t<\/div>\n\t\t\t\t\t\t\t\t<\/div>\n\t\t\t\t<\/div>\n\t\t\t\t\t<\/div>\n\t\t\t\t<\/div>\n\t\t\t\t\t<\/div>\n\t\t\t\t<\/div>\n\t\t\t\t\t<\/div>\n\t\t\t\t<\/div>\n\t\t<div class=\"elementor-element elementor-element-6347cf3 e-flex e-con-boxed e-con e-parent\" data-id=\"6347cf3\" data-element_type=\"container\" data-e-type=\"container\">\n\t\t\t\t\t<div class=\"e-con-inner\">\n\t\t\t\t<div class=\"elementor-element elementor-element-f74a9eb elementor-widget elementor-widget-heading\" data-id=\"f74a9eb\" data-element_type=\"widget\" data-e-type=\"widget\" data-widget_type=\"heading.default\">\n\t\t\t\t<div class=\"elementor-widget-container\">\n\t\t\t\t\t<h2 class=\"elementor-heading-title elementor-size-default\">Conclusiones y pr\u00f3ximos pasos<\/h2>\t\t\t\t<\/div>\n\t\t\t\t<\/div>\n\t\t\t\t<div class=\"elementor-element elementor-element-6e68108 elementor-widget elementor-widget-text-editor\" data-id=\"6e68108\" data-element_type=\"widget\" data-e-type=\"widget\" data-widget_type=\"text-editor.default\">\n\t\t\t\t<div class=\"elementor-widget-container\">\n\t\t\t\t\t\t\t\t\t<p>En conclusi\u00f3n, el desarrollo de &#8220;CineApp&#8221; ha sido fundamental para abordar los desaf\u00edos existentes en la experiencia de compra de boletos para el cine, ofreciendo a los usuarios una aplicaci\u00f3n intuitiva, segura y enriquecedora. La implementaci\u00f3n de una interfaz amigable, informaci\u00f3n clara y funciones adicionales ha mejorado significativamente la accesibilidad y conveniencia, convirtiendo la aplicaci\u00f3n en una herramienta valiosa para los amantes del cine.<\/p><p><strong>Recomendaci\u00f3n para el Futuro:<\/strong><br \/>Para potenciar a\u00fan m\u00e1s la experiencia del usuario y generar ingresos adicionales, se recomienda considerar la integraci\u00f3n de la venta de productos adicionales, especialmente confiter\u00eda y snacks, como una extensi\u00f3n natural de la aplicaci\u00f3n.<\/p>\t\t\t\t\t\t\t\t<\/div>\n\t\t\t\t<\/div>\n\t\t\t\t\t<\/div>\n\t\t\t\t<\/div>\n\t\t<div class=\"elementor-element elementor-element-9b52d3e e-flex e-con-boxed e-con e-parent\" data-id=\"9b52d3e\" data-element_type=\"container\" data-e-type=\"container\">\n\t\t\t\t\t<div class=\"e-con-inner\">\n\t\t\t\t<div class=\"elementor-element elementor-element-9954713 elementor-widget elementor-widget-heading\" data-id=\"9954713\" data-element_type=\"widget\" data-e-type=\"widget\" data-widget_type=\"heading.default\">\n\t\t\t\t<div class=\"elementor-widget-container\">\n\t\t\t\t\t<h2 class=\"elementor-heading-title elementor-size-default\">\u00a1Gracias por ver este proyecto!<\/h2>\t\t\t\t<\/div>\n\t\t\t\t<\/div>\n\t\t\t\t\t<\/div>\n\t\t\t\t<\/div>\n\t\t\t\t<\/div>\n\t\t","protected":false},"excerpt":{"rendered":"<p>CinemApp &#8220;CineApp&#8221; es una aplicaci\u00f3n m\u00f3vil que tiene como objetivo facilitar la experiencia de compra y generaci\u00f3n de entradas para el cine. La aplicaci\u00f3n busca proporcionar a los usuarios una plataforma intuitiva y conveniente para explorar pel\u00edculas, horarios, y comprar boletos de manera eficiente. Mi rol en el proyecto Dise\u00f1ador de experiencia de usuario Maquetador [&hellip;]<\/p>\n","protected":false},"author":1,"featured_media":0,"parent":0,"menu_order":0,"comment_status":"closed","ping_status":"closed","template":"","meta":{"footnotes":""},"class_list":["post-189","page","type-page","status-publish","hentry"],"_links":{"self":[{"href":"https:\/\/angulosvisuales.com\/index.php\/wp-json\/wp\/v2\/pages\/189","targetHints":{"allow":["GET"]}}],"collection":[{"href":"https:\/\/angulosvisuales.com\/index.php\/wp-json\/wp\/v2\/pages"}],"about":[{"href":"https:\/\/angulosvisuales.com\/index.php\/wp-json\/wp\/v2\/types\/page"}],"author":[{"embeddable":true,"href":"https:\/\/angulosvisuales.com\/index.php\/wp-json\/wp\/v2\/users\/1"}],"replies":[{"embeddable":true,"href":"https:\/\/angulosvisuales.com\/index.php\/wp-json\/wp\/v2\/comments?post=189"}],"version-history":[{"count":0,"href":"https:\/\/angulosvisuales.com\/index.php\/wp-json\/wp\/v2\/pages\/189\/revisions"}],"wp:attachment":[{"href":"https:\/\/angulosvisuales.com\/index.php\/wp-json\/wp\/v2\/media?parent=189"}],"curies":[{"name":"wp","href":"https:\/\/api.w.org\/{rel}","templated":true}]}}